{"id":41,"date":"2025-03-09T03:19:16","date_gmt":"2025-03-09T03:19:16","guid":{"rendered":"https:\/\/hidroemm.com\/?page_id=41"},"modified":"2025-03-12T00:27:43","modified_gmt":"2025-03-12T00:27:43","slug":"nosotros","status":"publish","type":"page","link":"https:\/\/hidroemm.com\/?page_id=41","title":{"rendered":"Nosotros"},"content":{"rendered":"\n<p>Somos una empresa dedicada a la producci\u00f3n y comercializaci\u00f3n de arenas sil\u00edceas basadas en las normas internacionales. <\/p>\n\n\n\n<p>Nos enorgullece ofrecerte arena sil\u00edcea al mejor precio, siempre adapt\u00e1ndonos a tus necesidades espec\u00edficas. Sabemos que cada proyecto es \u00fanico, y estamos comprometidos a aportar valor, mejorando la calidad de los productos que son fundamentales para tu \u00e9xito. <\/p>\n\n\n\n<p>Nuestra selecci\u00f3n incluye arena micronizada de alt\u00edsima pureza (97.49 % certificado) y molino de bolas recubierto con cer\u00e1mica.<\/p>\n","protected":false},"excerpt":{"rendered":"<p>Somos una empresa dedicada a la producci\u00f3n y comercializaci\u00f3n de arenas sil\u00edceas basadas en las normas internacionales. Nos enorgullece ofrecerte arena sil\u00edcea al mejor precio, siempre adapt\u00e1ndonos a tus necesidades espec\u00edficas. Sabemos que cada proyecto es \u00fanico, y estamos comprometidos a aportar valor, mejorando la calidad de los productos que son fundamentales para tu \u00e9xito. [&hellip;]<\/p>\n","protected":false},"author":1,"featured_media":0,"parent":0,"menu_order":0,"comment_status":"closed","ping_status":"closed","template":"","meta":{"footnotes":""},"class_list":["post-41","page","type-page","status-publish","hentry"],"_links":{"self":[{"href":"https:\/\/hidroemm.com\/index.php?rest_route=\/wp\/v2\/pages\/41","targetHints":{"allow":["GET"]}}],"collection":[{"href":"https:\/\/hidroemm.com\/index.php?rest_route=\/wp\/v2\/pages"}],"about":[{"href":"https:\/\/hidroemm.com\/index.php?rest_route=\/wp\/v2\/types\/page"}],"author":[{"embeddable":true,"href":"https:\/\/hidroemm.com\/index.php?rest_route=\/wp\/v2\/users\/1"}],"replies":[{"embeddable":true,"href":"https:\/\/hidroemm.com\/index.php?rest_route=%2Fwp%2Fv2%2Fcomments&post=41"}],"version-history":[{"count":3,"href":"https:\/\/hidroemm.com\/index.php?rest_route=\/wp\/v2\/pages\/41\/revisions"}],"predecessor-version":[{"id":82,"href":"https:\/\/hidroemm.com\/index.php?rest_route=\/wp\/v2\/pages\/41\/revisions\/82"}],"wp:attachment":[{"href":"https:\/\/hidroemm.com\/index.php?rest_route=%2Fwp%2Fv2%2Fmedia&parent=41"}],"curies":[{"name":"wp","href":"https:\/\/api.w.org\/{rel}","templated":true}]}}