{"id":39,"date":"2025-03-09T03:18:27","date_gmt":"2025-03-09T03:18:27","guid":{"rendered":"https:\/\/hidroemm.com\/?page_id=39"},"modified":"2025-03-09T07:06:39","modified_gmt":"2025-03-09T07:06:39","slug":"mercado","status":"publish","type":"page","link":"https:\/\/hidroemm.com\/?page_id=39","title":{"rendered":"Proceso"},"content":{"rendered":"\n<h3 class=\"wp-block-heading\">Limpieza<\/h3>\n\n\n\n<p>La arena es trasladada de las tolvas a los atricionadores, los cuales agitan el material<br>por medio de propelas y agua, limpiando las arcillas que pudieran venir adheridas a los granos de s\u00edlice.<\/p>\n\n\n\n<h3 class=\"wp-block-heading\">Clasificado<\/h3>\n\n\n\n<p>Despu\u00e9s de pasar por el atricionador, la pulpa resultante se bombea a un hidro-clasificador que separar\u00e1 directamente los granos m\u00e1s gruesos de la arena limpia. Posteriormente se llevar\u00e1 a un clasificador de espirales donde se separa la hematita (F2O3), dejando un m\u00e1ximo de 0.015% en esa arena, consider\u00e1ndose un producto para trasladarse al proceso de secado. El material fino que proviene de la primera clasificaci\u00f3n es llevado a otro proceso similar con espirales, donde se contin\u00faa separando la hematita. En este caso se separan las part\u00edculas m\u00e1s finas, dejando un m\u00e1ximo de 0.02% en la arena.<\/p>\n\n\n\n<h3 class=\"wp-block-heading\">Perfil de Mercado del S\u00edlice<\/h3>\n\n\n\n<p>La pulpa que viene del clasificador de espirales anteriormente descrito pasa a otro Hidro-clasificador, que separa completamente las lamas que son mandadas a un tanque espesador  para recuperar agua y el concentrado que va como producto final a otro proceso de secado. Los requerimientos que establecen las industrias consumidoras de s\u00edlice son espec\u00edficos y particulares, y por lo tanto la planta genera una amplia gama con las especificaciones que cada industria demande.<\/p>\n\n\n\n<div style=\"height:41px\" aria-hidden=\"true\" class=\"wp-block-spacer\"><\/div>\n\n\n\n<h3 class=\"wp-block-heading\">An\u00e1lisis de participaci\u00f3n y tama\u00f1o del mercado de arena de s\u00edlice tendencias de crecimiento y pron\u00f3sticos (2024 -2029)<\/h3>\n\n\n\n<p>El mercado de arena de s\u00edlice est\u00e1 segmentado por industria de usuario final (fabricaci\u00f3n de vidrio, fundici\u00f3n, producci\u00f3n qu\u00edmica, construcci\u00f3n, pinturas y revestimientos, cer\u00e1mica y refractarios, filtraci\u00f3n, petr\u00f3leo y gas, y otras industrias de usuario final) y geograf\u00eda<br>(Asia-Pac\u00edfico, Norte). Am\u00e9rica, Europa, Am\u00e9rica del Sur y Oriente Medio y \u00c1frica). El tama\u00f1o del mercado y los pron\u00f3sticos para la arena de s\u00edlice se proporcionan en t\u00e9rminos de volumen (toneladas) para todos los segmentos anteriores.<\/p>\n\n\n\n<figure class=\"wp-block-image size-full\"><img loading=\"lazy\" decoding=\"async\" width=\"963\" height=\"476\" src=\"https:\/\/hidroemm.com\/wp-content\/uploads\/2025\/03\/Captura-de-pantalla-2025-03-09-010606.png\" alt=\"\" class=\"wp-image-55\" srcset=\"https:\/\/hidroemm.com\/wp-content\/uploads\/2025\/03\/Captura-de-pantalla-2025-03-09-010606.png 963w, https:\/\/hidroemm.com\/wp-content\/uploads\/2025\/03\/Captura-de-pantalla-2025-03-09-010606-300x148.png 300w, https:\/\/hidroemm.com\/wp-content\/uploads\/2025\/03\/Captura-de-pantalla-2025-03-09-010606-768x380.png 768w\" sizes=\"auto, (max-width: 963px) 100vw, 963px\" \/><\/figure>\n","protected":false},"excerpt":{"rendered":"<p>Limpieza La arena es trasladada de las tolvas a los atricionadores, los cuales agitan el materialpor medio de propelas y agua, limpiando las arcillas que pudieran venir adheridas a los granos de s\u00edlice. Clasificado Despu\u00e9s de pasar por el atricionador, la pulpa resultante se bombea a un hidro-clasificador que separar\u00e1 directamente los granos m\u00e1s gruesos [&hellip;]<\/p>\n","protected":false},"author":1,"featured_media":0,"parent":0,"menu_order":0,"comment_status":"closed","ping_status":"closed","template":"","meta":{"footnotes":""},"class_list":["post-39","page","type-page","status-publish","hentry"],"_links":{"self":[{"href":"https:\/\/hidroemm.com\/index.php?rest_route=\/wp\/v2\/pages\/39","targetHints":{"allow":["GET"]}}],"collection":[{"href":"https:\/\/hidroemm.com\/index.php?rest_route=\/wp\/v2\/pages"}],"about":[{"href":"https:\/\/hidroemm.com\/index.php?rest_route=\/wp\/v2\/types\/page"}],"author":[{"embeddable":true,"href":"https:\/\/hidroemm.com\/index.php?rest_route=\/wp\/v2\/users\/1"}],"replies":[{"embeddable":true,"href":"https:\/\/hidroemm.com\/index.php?rest_route=%2Fwp%2Fv2%2Fcomments&post=39"}],"version-history":[{"count":3,"href":"https:\/\/hidroemm.com\/index.php?rest_route=\/wp\/v2\/pages\/39\/revisions"}],"predecessor-version":[{"id":56,"href":"https:\/\/hidroemm.com\/index.php?rest_route=\/wp\/v2\/pages\/39\/revisions\/56"}],"wp:attachment":[{"href":"https:\/\/hidroemm.com\/index.php?rest_route=%2Fwp%2Fv2%2Fmedia&parent=39"}],"curies":[{"name":"wp","href":"https:\/\/api.w.org\/{rel}","templated":true}]}}