{"id":37,"date":"2025-03-09T03:17:14","date_gmt":"2025-03-09T03:17:14","guid":{"rendered":"https:\/\/hidroemm.com\/?page_id=37"},"modified":"2025-03-09T06:50:07","modified_gmt":"2025-03-09T06:50:07","slug":"acerca-de","status":"publish","type":"page","link":"https:\/\/hidroemm.com\/?page_id=37","title":{"rendered":"Acerca de"},"content":{"rendered":"\n<p>La arena s\u00edlica, tambi\u00e9n conocida como arena de s\u00edlice o cuarzo, es un material compuesto<br>principalmente por di\u00f3xido de silicio (SiO\u2082) en forma granular. Se caracteriza por su alta<br>pureza y resistencia qu\u00edmica, lo que la convierte en un recurso valioso para diversas<br>industrias.<\/p>\n\n\n\n<ul class=\"wp-block-list\">\n<li>Este material es ampliamente utilizado en la industria del vidrio, donde sirve como materia prima fundamental para la fabricaci\u00f3n de vidrios y cristales, tambi\u00e9n se emplea en la fundici\u00f3n de metales, en la producci\u00f3n de morteros, adhesivos y cementos, as\u00ed como en la fabricaci\u00f3n de cer\u00e1micas<\/li>\n\n\n\n<li>En aplicaciones industriales, la arena s\u00edlica es valorada por su estabilidad t\u00e9rmica, su capacidad como abrasivo y su resistencia a la compresi\u00f3n, lo que la hace adecuada para procesos como el chorreo de arena (sandblasting), la filtraci\u00f3n de agua potable y la explotaci\u00f3n de hidrocarburos mediante fracturaci\u00f3n hidr\u00e1ulica.<\/li>\n\n\n\n<li>Debido a sus propiedades f\u00edsicas y qu\u00edmicas, la arena s\u00edlica es un recurso indispensable en sectores como la construcci\u00f3n, la miner\u00eda, la producci\u00f3n de vidrio, y la industria qu\u00edmica, entre otros<\/li>\n<\/ul>\n\n\n\n<div style=\"height:83px\" aria-hidden=\"true\" class=\"wp-block-spacer\"><\/div>\n\n\n\n<div class=\"wp-block-columns is-layout-flex wp-container-core-columns-is-layout-28f84493 wp-block-columns-is-layout-flex\">\n<div class=\"wp-block-column is-layout-flow wp-block-column-is-layout-flow\">\n<h3 class=\"wp-block-heading\">Abundancia<\/h3>\n<\/div>\n\n\n\n<div class=\"wp-block-column is-layout-flow wp-block-column-is-layout-flow\">\n<h3 class=\"wp-block-heading\">Versatilidad<\/h3>\n<\/div>\n\n\n\n<div class=\"wp-block-column is-layout-flow wp-block-column-is-layout-flow\">\n<h3 class=\"wp-block-heading\">Sostenibilidad<\/h3>\n<\/div>\n<\/div>\n\n\n\n<div class=\"wp-block-columns is-layout-flex wp-container-core-columns-is-layout-28f84493 wp-block-columns-is-layout-flex\">\n<div class=\"wp-block-column is-layout-flow wp-block-column-is-layout-flow\">\n<p>La arena s\u00edlica es uno de los minerales m\u00e1s abundantes en la Tierra porque est\u00e1 compuesta principalmente de di\u00f3xido de silicio (SiO\u2082), que es el segundo elemento m\u00e1s com\u00fan en la corteza terrestre.<\/p>\n<\/div>\n\n\n\n<div class=\"wp-block-column is-layout-flow wp-block-column-is-layout-flow\">\n<p>Su alta pureza y resistencia la hacen \u00fatil en muchas industrias.<\/p>\n<\/div>\n\n\n\n<div class=\"wp-block-column is-layout-flow wp-block-column-is-layout-flow\">\n<p>El material es naturalmente reciclable en algunas aplicaciones.<\/p>\n<\/div>\n<\/div>\n\n\n\n<div class=\"wp-block-columns is-layout-flex wp-container-core-columns-is-layout-28f84493 wp-block-columns-is-layout-flex\">\n<div class=\"wp-block-column is-layout-flow wp-block-column-is-layout-flow\">\n<h3 class=\"wp-block-heading\">Desarrollos en la industria<\/h3>\n<\/div>\n\n\n\n<div class=\"wp-block-column is-layout-flow wp-block-column-is-layout-flow\">\n<h3 class=\"wp-block-heading\">Mejoras en la sostenibilidad<\/h3>\n<\/div>\n<\/div>\n\n\n\n<div class=\"wp-block-columns is-layout-flex wp-container-core-columns-is-layout-28f84493 wp-block-columns-is-layout-flex\">\n<div class=\"wp-block-column is-layout-flow wp-block-column-is-layout-flow\">\n<p>Nuevas aplicaciones de la s\u00edlica en la tecnolog\u00eda, como el almacenamiento de energ\u00eda.<\/p>\n<\/div>\n\n\n\n<div class=\"wp-block-column is-layout-flow wp-block-column-is-layout-flow\">\n<p>Procesos m\u00e1s limpios de extracci\u00f3n y uso m\u00e1s eficiente en la industria.<\/p>\n<\/div>\n<\/div>\n","protected":false},"excerpt":{"rendered":"<p>La arena s\u00edlica, tambi\u00e9n conocida como arena de s\u00edlice o cuarzo, es un material compuestoprincipalmente por di\u00f3xido de silicio (SiO\u2082) en forma granular. Se caracteriza por su altapureza y resistencia qu\u00edmica, lo que la convierte en un recurso valioso para diversasindustrias. Abundancia Versatilidad Sostenibilidad La arena s\u00edlica es uno de los minerales m\u00e1s abundantes en [&hellip;]<\/p>\n","protected":false},"author":1,"featured_media":0,"parent":0,"menu_order":0,"comment_status":"closed","ping_status":"closed","template":"","meta":{"footnotes":""},"class_list":["post-37","page","type-page","status-publish","hentry"],"_links":{"self":[{"href":"https:\/\/hidroemm.com\/index.php?rest_route=\/wp\/v2\/pages\/37","targetHints":{"allow":["GET"]}}],"collection":[{"href":"https:\/\/hidroemm.com\/index.php?rest_route=\/wp\/v2\/pages"}],"about":[{"href":"https:\/\/hidroemm.com\/index.php?rest_route=\/wp\/v2\/types\/page"}],"author":[{"embeddable":true,"href":"https:\/\/hidroemm.com\/index.php?rest_route=\/wp\/v2\/users\/1"}],"replies":[{"embeddable":true,"href":"https:\/\/hidroemm.com\/index.php?rest_route=%2Fwp%2Fv2%2Fcomments&post=37"}],"version-history":[{"count":3,"href":"https:\/\/hidroemm.com\/index.php?rest_route=\/wp\/v2\/pages\/37\/revisions"}],"predecessor-version":[{"id":51,"href":"https:\/\/hidroemm.com\/index.php?rest_route=\/wp\/v2\/pages\/37\/revisions\/51"}],"wp:attachment":[{"href":"https:\/\/hidroemm.com\/index.php?rest_route=%2Fwp%2Fv2%2Fmedia&parent=37"}],"curies":[{"name":"wp","href":"https:\/\/api.w.org\/{rel}","templated":true}]}}